{"id":3638,"date":"2021-04-01T15:08:01","date_gmt":"2021-04-01T15:08:01","guid":{"rendered":"https:\/\/henrik.qodeinteractive.com\/?page_id=3638"},"modified":"2026-04-09T16:09:32","modified_gmt":"2026-04-09T19:09:32","slug":"sobre","status":"publish","type":"page","link":"https:\/\/guadalupestore.com\/en\/sobre\/","title":{"rendered":"Sobre"},"content":{"rendered":"<div data-elementor-type=\"wp-page\" data-elementor-id=\"3638\" class=\"elementor elementor-3638\">\n\t\t\t\t\t\t<section class=\"elementor-section elementor-top-section elementor-element elementor-element-fe93ea9 elementor-section-full_width elementor-section-height-default elementor-section-height-default qodef-elementor-content-no\" data-id=\"fe93ea9\" data-element_type=\"section\" data-e-type=\"section\">\n\t\t\t\t\t\t<div class=\"elementor-container elementor-column-gap-default\">\n\t\t\t\t\t<div class=\"elementor-column elementor-col-50 elementor-top-column elementor-element elementor-element-6e3214b\" data-id=\"6e3214b\" data-element_type=\"column\" data-e-type=\"column\">\n\t\t\t<div class=\"elementor-widget-wrap elementor-element-populated\">\n\t\t\t\t\t\t<div class=\"elementor-element elementor-element-adc43e0 elementor-widget elementor-widget-henrik_core_section_title\" data-id=\"adc43e0\" data-element_type=\"widget\" data-e-type=\"widget\" data-widget_type=\"henrik_core_section_title.default\">\n\t\t\t\t<div class=\"elementor-widget-container\">\n\t\t\t\t\t<div class=\"qodef-shortcode qodef-m  qodef-section-title qodef-alignment--left\">\n\t\t\t<h1 class=\"qodef-m-title\" >\n\t\t\t\t\tGUADALUPE\t\t\t<\/h1>\n\t\t<p class=\"qodef-m-text\" >H\u00e1 15 anos conectando cultura, estilo e comunidade.<\/p>\n<\/div>\n\t\t\t\t<\/div>\n\t\t\t\t<\/div>\n\t\t\t\t<div class=\"elementor-element elementor-element-57f6f4e elementor-widget__width-auto elementor-widget elementor-widget-text-editor\" data-id=\"57f6f4e\" data-element_type=\"widget\" data-e-type=\"widget\" data-widget_type=\"text-editor.default\">\n\t\t\t\t<div class=\"elementor-widget-container\">\n\t\t\t\t\t\t\t\t\t<p>A Guadalupe foi criada por dois amigos que viram uma car\u00eancia no mercado de streetwear nacional. Desde o come\u00e7o, a loja tem como objetivo ser a principal refer\u00eancia no cen\u00e1rio, sempre ditando tend\u00eancias. Hoje, apesar do pouco tempo de exist\u00eancia, se tornou uma das maiores do ramo, sendo reconhecida inclusive internacionalmente.<\/p><p>Famosa por ser o local mais frequentando pelos sneakerheads e tamb\u00e9m pelas festas e eventos que organiza, a Guadalupe \u00e9 destino dos t\u00eanis mais exclusivos de diversas marcas. Por isso, n\u00e3o s\u00f3 se tornou um ponto de refer\u00eancia no Bom Retiro, famoso bairro comercial de S\u00e3o Paulo &#8211; no qual foi fundada &#8211; como tamb\u00e9m tem atra\u00eddo para a regi\u00e3o do Para\u00edso consumidores que buscam produtos exclusivos e limitados.<\/p>\t\t\t\t\t\t\t\t<\/div>\n\t\t\t\t<\/div>\n\t\t\t\t\t<\/div>\n\t\t<\/div>\n\t\t\t\t<div class=\"elementor-column elementor-col-50 elementor-top-column elementor-element elementor-element-7fad6c4\" data-id=\"7fad6c4\" data-element_type=\"column\" data-e-type=\"column\">\n\t\t\t<div class=\"elementor-widget-wrap elementor-element-populated\">\n\t\t\t\t\t\t<div class=\"elementor-element elementor-element-35bc9f3 elementor-widget-tablet__width-initial elementor-widget elementor-widget-henrik_core_single_image\" data-id=\"35bc9f3\" data-element_type=\"widget\" data-e-type=\"widget\" data-widget_type=\"henrik_core_single_image.default\">\n\t\t\t\t<div class=\"elementor-widget-container\">\n\t\t\t\t\t<div class=\"qodef-shortcode qodef-m  qodef-single-image qodef-layout--default\">\n\t<div class=\"qodef-m-image\">\n\t\t\t<a itemprop=\"url\" href=\"https:\/\/gdlp.com.br\/\" target=\"_blank\">\n\t\t\t<img fetchpriority=\"high\" decoding=\"async\" width=\"1080\" height=\"1350\" src=\"https:\/\/guadalupestore.com\/wp-content\/uploads\/2022\/09\/facahada-bom-retiro-gdlp.jpg\" class=\"attachment-full size-full\" alt=\"\" srcset=\"https:\/\/guadalupestore.com\/wp-content\/uploads\/2022\/09\/facahada-bom-retiro-gdlp.jpg 1080w, https:\/\/guadalupestore.com\/wp-content\/uploads\/2022\/09\/facahada-bom-retiro-gdlp-240x300.jpg 240w, https:\/\/guadalupestore.com\/wp-content\/uploads\/2022\/09\/facahada-bom-retiro-gdlp-819x1024.jpg 819w, https:\/\/guadalupestore.com\/wp-content\/uploads\/2022\/09\/facahada-bom-retiro-gdlp-768x960.jpg 768w\" sizes=\"(max-width: 1080px) 100vw, 1080px\" \/>\t\t\t<\/a>\n\t<\/div>\n<\/div>\n\t\t\t\t<\/div>\n\t\t\t\t<\/div>\n\t\t\t\t\t<\/div>\n\t\t<\/div>\n\t\t\t\t\t<\/div>\n\t\t<\/section>\n\t\t\t\t<section class=\"elementor-section elementor-top-section elementor-element elementor-element-c833628 elementor-section-boxed elementor-section-height-default elementor-section-height-default qodef-elementor-content-no\" data-id=\"c833628\" data-element_type=\"section\" data-e-type=\"section\">\n\t\t\t\t\t\t<div class=\"elementor-container elementor-column-gap-default\">\n\t\t\t\t\t<div class=\"elementor-column elementor-col-100 elementor-top-column elementor-element elementor-element-8acdbc4\" data-id=\"8acdbc4\" data-element_type=\"column\" data-e-type=\"column\">\n\t\t\t<div class=\"elementor-widget-wrap\">\n\t\t\t\t\t\t\t<\/div>\n\t\t<\/div>\n\t\t\t\t\t<\/div>\n\t\t<\/section>\n\t\t\t\t<section class=\"elementor-section elementor-top-section elementor-element elementor-element-736439a elementor-section-boxed elementor-section-height-default elementor-section-height-default qodef-elementor-content-no\" data-id=\"736439a\" data-element_type=\"section\" data-e-type=\"section\">\n\t\t\t\t\t\t<div class=\"elementor-container elementor-column-gap-default\">\n\t\t\t\t\t<div class=\"elementor-column elementor-col-100 elementor-top-column elementor-element elementor-element-cf70cfe\" data-id=\"cf70cfe\" data-element_type=\"column\" data-e-type=\"column\">\n\t\t\t<div class=\"elementor-widget-wrap elementor-element-populated\">\n\t\t\t\t\t\t<div class=\"elementor-element elementor-element-006677a elementor-widget-divider--view-line elementor-widget elementor-widget-divider\" data-id=\"006677a\" data-element_type=\"widget\" data-e-type=\"widget\" data-widget_type=\"divider.default\">\n\t\t\t\t<div class=\"elementor-widget-container\">\n\t\t\t\t\t\t\t<div class=\"elementor-divider\">\n\t\t\t<span class=\"elementor-divider-separator\">\n\t\t\t\t\t\t<\/span>\n\t\t<\/div>\n\t\t\t\t\t\t<\/div>\n\t\t\t\t<\/div>\n\t\t\t\t\t<\/div>\n\t\t<\/div>\n\t\t\t\t\t<\/div>\n\t\t<\/section>\n\t\t\t\t<section class=\"elementor-section elementor-top-section elementor-element elementor-element-b8ef542 elementor-section-boxed elementor-section-height-default elementor-section-height-default qodef-elementor-content-no\" data-id=\"b8ef542\" data-element_type=\"section\" data-e-type=\"section\">\n\t\t\t\t\t\t<div class=\"elementor-container elementor-column-gap-default\">\n\t\t\t\t\t<div class=\"elementor-column elementor-col-50 elementor-top-column elementor-element elementor-element-dfc5b33\" data-id=\"dfc5b33\" data-element_type=\"column\" data-e-type=\"column\">\n\t\t\t<div class=\"elementor-widget-wrap elementor-element-populated\">\n\t\t\t\t\t\t<div class=\"elementor-element elementor-element-e2bd8e0 elementor-widget elementor-widget-heading\" data-id=\"e2bd8e0\" data-element_type=\"widget\" data-e-type=\"widget\" data-widget_type=\"heading.default\">\n\t\t\t\t<div class=\"elementor-widget-container\">\n\t\t\t\t\t<h4 class=\"elementor-heading-title elementor-size-default\">Bom Retiro<\/h4>\t\t\t\t<\/div>\n\t\t\t\t<\/div>\n\t\t\t\t<div class=\"elementor-element elementor-element-0f76f5b elementor-widget-tablet__width-initial elementor-widget elementor-widget-henrik_core_single_image\" data-id=\"0f76f5b\" data-element_type=\"widget\" data-e-type=\"widget\" data-widget_type=\"henrik_core_single_image.default\">\n\t\t\t\t<div class=\"elementor-widget-container\">\n\t\t\t\t\t<div class=\"qodef-shortcode qodef-m  qodef-single-image qodef-layout--default\">\n\t<div class=\"qodef-m-image\">\n\t\t\t<img decoding=\"async\" src=\"https:\/\/guadalupestore.com\/wp-content\/uploads\/2026\/04\/guadalupe-store-bom-retiro-fachada-1-1200x886.png\" alt=\"\" width=\"1200\" height=\"886\" data-ratio=\"1.3544018058691\" \/>\t<\/div>\n<\/div>\n\t\t\t\t<\/div>\n\t\t\t\t<\/div>\n\t\t\t\t<div class=\"elementor-element elementor-element-ddd4e8a elementor-widget elementor-widget-text-editor\" data-id=\"ddd4e8a\" data-element_type=\"widget\" data-e-type=\"widget\" data-widget_type=\"text-editor.default\">\n\t\t\t\t<div class=\"elementor-widget-container\">\n\t\t\t\t\t\t\t\t\t<p>Rua Tr\u00eas Rios, 126<\/p><p>Bom Retiro &#8211; S\u00e3o Paulo\/SP<\/p><p>01123-000<\/p><p><strong>Hor\u00e1rio de funcionamento<\/strong>:<\/p><p>Segunda a sexta das 10h \u00e0s 19:30<\/p><p>S\u00e1bados das 10h \u00e0s 19h<\/p><p><strong>Telefone:<\/strong>\u00a0(11) 3229-0020<\/p><p><strong>WhatsApp:<\/strong> (11) 93312-0852<\/p>\t\t\t\t\t\t\t\t<\/div>\n\t\t\t\t<\/div>\n\t\t\t\t<div class=\"elementor-element elementor-element-f1ca37e elementor-widget elementor-widget-google_maps\" data-id=\"f1ca37e\" data-element_type=\"widget\" data-e-type=\"widget\" data-widget_type=\"google_maps.default\">\n\t\t\t\t<div class=\"elementor-widget-container\">\n\t\t\t\t\t\t\t<div class=\"elementor-custom-embed\">\n\t\t\t<iframe loading=\"lazy\"\n\t\t\t\t\tsrc=\"https:\/\/maps.google.com\/maps?q=Rua%20Tr%C3%AAs%20Rios%20126%20Guadalupe&#038;t=m&#038;z=13&#038;output=embed&#038;iwloc=near\"\n\t\t\t\t\ttitle=\"Rua Tr\u00eas Rios 126 Guadalupe\"\n\t\t\t\t\taria-label=\"Rua Tr\u00eas Rios 126 Guadalupe\"\n\t\t\t><\/iframe>\n\t\t<\/div>\n\t\t\t\t\t\t<\/div>\n\t\t\t\t<\/div>\n\t\t\t\t\t<\/div>\n\t\t<\/div>\n\t\t\t\t<div class=\"elementor-column elementor-col-50 elementor-top-column elementor-element elementor-element-d5f83a7\" data-id=\"d5f83a7\" data-element_type=\"column\" data-e-type=\"column\">\n\t\t\t<div class=\"elementor-widget-wrap elementor-element-populated\">\n\t\t\t\t\t\t<div class=\"elementor-element elementor-element-7671d27 elementor-widget elementor-widget-heading\" data-id=\"7671d27\" data-element_type=\"widget\" data-e-type=\"widget\" data-widget_type=\"heading.default\">\n\t\t\t\t<div class=\"elementor-widget-container\">\n\t\t\t\t\t<h4 class=\"elementor-heading-title elementor-size-default\">Para\u00edso<\/h4>\t\t\t\t<\/div>\n\t\t\t\t<\/div>\n\t\t\t\t<div class=\"elementor-element elementor-element-d143dfb elementor-widget-tablet__width-initial elementor-widget elementor-widget-henrik_core_single_image\" data-id=\"d143dfb\" data-element_type=\"widget\" data-e-type=\"widget\" data-widget_type=\"henrik_core_single_image.default\">\n\t\t\t\t<div class=\"elementor-widget-container\">\n\t\t\t\t\t<div class=\"qodef-shortcode qodef-m  qodef-single-image qodef-layout--default\">\n\t<div class=\"qodef-m-image\">\n\t\t\t<img decoding=\"async\" src=\"https:\/\/guadalupestore.com\/wp-content\/uploads\/2026\/04\/guadalupe-store-paraiso-fachada-1200x886.png\" alt=\"\" width=\"1200\" height=\"886\" data-ratio=\"1.3544018058691\" \/>\t<\/div>\n<\/div>\n\t\t\t\t<\/div>\n\t\t\t\t<\/div>\n\t\t\t\t<div class=\"elementor-element elementor-element-063ea39 elementor-widget elementor-widget-text-editor\" data-id=\"063ea39\" data-element_type=\"widget\" data-e-type=\"widget\" data-widget_type=\"text-editor.default\">\n\t\t\t\t<div class=\"elementor-widget-container\">\n\t\t\t\t\t\t\t\t\t<p>Avenida Bernardino de Campos, 173<\/p><p>Para\u00edso &#8211; S\u00e3o Paulo\/SP<\/p><p>04004-040<\/p><p><strong>Hor\u00e1rio de funcionamento<\/strong>:<\/p><p>Segunda a sexta das 10h \u00e0s 20h<\/p><p>S\u00e1bados das 10h \u00e0s 20h<\/p><p>\u00a0<\/p><p><strong>WhatsApp:<\/strong> (11) 91305-4884<\/p>\t\t\t\t\t\t\t\t<\/div>\n\t\t\t\t<\/div>\n\t\t\t\t<div class=\"elementor-element elementor-element-87b58a5 elementor-widget elementor-widget-google_maps\" data-id=\"87b58a5\" data-element_type=\"widget\" data-e-type=\"widget\" data-widget_type=\"google_maps.default\">\n\t\t\t\t<div class=\"elementor-widget-container\">\n\t\t\t\t\t\t\t<div class=\"elementor-custom-embed\">\n\t\t\t<iframe loading=\"lazy\"\n\t\t\t\t\tsrc=\"https:\/\/maps.google.com\/maps?q=guadalupe%20store%20paraiso&#038;t=m&#038;z=13&#038;output=embed&#038;iwloc=near\"\n\t\t\t\t\ttitle=\"guadalupe store paraiso\"\n\t\t\t\t\taria-label=\"guadalupe store paraiso\"\n\t\t\t><\/iframe>\n\t\t<\/div>\n\t\t\t\t\t\t<\/div>\n\t\t\t\t<\/div>\n\t\t\t\t\t<\/div>\n\t\t<\/div>\n\t\t\t\t\t<\/div>\n\t\t<\/section>\n\t\t\t\t<section class=\"elementor-section elementor-top-section elementor-element elementor-element-153970a elementor-section-boxed elementor-section-height-default elementor-section-height-default qodef-elementor-content-no\" data-id=\"153970a\" data-element_type=\"section\" data-e-type=\"section\">\n\t\t\t\t\t\t<div class=\"elementor-container elementor-column-gap-default\">\n\t\t\t\t\t<div class=\"elementor-column elementor-col-100 elementor-top-column elementor-element elementor-element-5700489\" data-id=\"5700489\" data-element_type=\"column\" data-e-type=\"column\">\n\t\t\t<div class=\"elementor-widget-wrap elementor-element-populated\">\n\t\t\t\t\t\t<div class=\"elementor-element elementor-element-d4fe3a3 elementor-widget-divider--view-line elementor-widget elementor-widget-divider\" data-id=\"d4fe3a3\" data-element_type=\"widget\" data-e-type=\"widget\" data-widget_type=\"divider.default\">\n\t\t\t\t<div class=\"elementor-widget-container\">\n\t\t\t\t\t\t\t<div class=\"elementor-divider\">\n\t\t\t<span class=\"elementor-divider-separator\">\n\t\t\t\t\t\t<\/span>\n\t\t<\/div>\n\t\t\t\t\t\t<\/div>\n\t\t\t\t<\/div>\n\t\t\t\t<div class=\"elementor-element elementor-element-de743ad elementor-widget elementor-widget-text-editor\" data-id=\"de743ad\" data-element_type=\"widget\" data-e-type=\"widget\" data-widget_type=\"text-editor.default\">\n\t\t\t\t<div class=\"elementor-widget-container\">\n\t\t\t\t\t\t\t\t\t<p style=\"text-align: center;\">D\u00favidas sobre pedidos realizados no site, favor entrar em contato nos canais de atendimento do SAC:<\/p><p style=\"text-align: center;\"><strong>WhatsApp<\/strong>: (11) 98211-4835<\/p><p style=\"text-align: center;\"><strong>E-mail<\/strong>: sac@guadalupestore.com.br<\/p><p style=\"text-align: center;\"><span style=\"text-decoration: underline;\">Atendimento somente de segunda a sexta das 9:00 \u00e0s 18:00<\/span>.<\/p>\t\t\t\t\t\t\t\t<\/div>\n\t\t\t\t<\/div>\n\t\t\t\t\t<\/div>\n\t\t<\/div>\n\t\t\t\t\t<\/div>\n\t\t<\/section>\n\t\t\t\t<\/div>","protected":false},"excerpt":{"rendered":"<p>GUADALUPE H\u00e1 15 anos conectando cultura, estilo e comunidade. A Guadalupe foi criada por dois amigos que viram uma car\u00eancia no mercado de streetwear nacional. Desde o come\u00e7o, a loja tem como objetivo ser a principal refer\u00eancia no cen\u00e1rio, sempre ditando tend\u00eancias. Hoje, apesar do pouco tempo de exist\u00eancia, se tornou uma das maiores do [&hellip;]<\/p>\n","protected":false},"author":1,"featured_media":0,"parent":0,"menu_order":0,"comment_status":"closed","ping_status":"closed","template":"page-full-width.php","meta":{"footnotes":""},"class_list":["post-3638","page","type-page","status-publish","hentry"],"jetpack_sharing_enabled":true,"_links":{"self":[{"href":"https:\/\/guadalupestore.com\/en\/wp-json\/wp\/v2\/pages\/3638","targetHints":{"allow":["GET"]}}],"collection":[{"href":"https:\/\/guadalupestore.com\/en\/wp-json\/wp\/v2\/pages"}],"about":[{"href":"https:\/\/guadalupestore.com\/en\/wp-json\/wp\/v2\/types\/page"}],"author":[{"embeddable":true,"href":"https:\/\/guadalupestore.com\/en\/wp-json\/wp\/v2\/users\/1"}],"replies":[{"embeddable":true,"href":"https:\/\/guadalupestore.com\/en\/wp-json\/wp\/v2\/comments?post=3638"}],"version-history":[{"count":85,"href":"https:\/\/guadalupestore.com\/en\/wp-json\/wp\/v2\/pages\/3638\/revisions"}],"predecessor-version":[{"id":13009,"href":"https:\/\/guadalupestore.com\/en\/wp-json\/wp\/v2\/pages\/3638\/revisions\/13009"}],"wp:attachment":[{"href":"https:\/\/guadalupestore.com\/en\/wp-json\/wp\/v2\/media?parent=3638"}],"curies":[{"name":"wp","href":"https:\/\/api.w.org\/{rel}","templated":true}]}}