{"id":13371,"date":"2026-05-15T16:14:27","date_gmt":"2026-05-15T19:14:27","guid":{"rendered":"https:\/\/guadalupestore.com\/?page_id=13371"},"modified":"2026-05-15T19:33:06","modified_gmt":"2026-05-15T22:33:06","slug":"calendario-de-lancamentos","status":"publish","type":"page","link":"https:\/\/guadalupestore.com\/en\/calendario-de-lancamentos\/","title":{"rendered":"Calend\u00e1rio de lan\u00e7amentos"},"content":{"rendered":"<div data-elementor-type=\"wp-page\" data-elementor-id=\"13371\" class=\"elementor elementor-13371\">\n\t\t\t\t\t\t<section class=\"elementor-section elementor-top-section elementor-element elementor-element-322d432 elementor-section-boxed elementor-section-height-default elementor-section-height-default qodef-elementor-content-no\" data-id=\"322d432\" data-element_type=\"section\" data-e-type=\"section\">\n\t\t\t\t\t\t<div class=\"elementor-container elementor-column-gap-default\">\n\t\t\t\t\t<div class=\"elementor-column elementor-col-100 elementor-top-column elementor-element elementor-element-f04d4b6\" data-id=\"f04d4b6\" data-element_type=\"column\" data-e-type=\"column\">\n\t\t\t<div class=\"elementor-widget-wrap elementor-element-populated\">\n\t\t\t\t\t\t<div class=\"elementor-element elementor-element-84e21a9 elementor-widget elementor-widget-text-editor\" data-id=\"84e21a9\" data-element_type=\"widget\" data-e-type=\"widget\" data-widget_type=\"text-editor.default\">\n\t\t\t\t<div class=\"elementor-widget-container\">\n\t\t\t\t\t\t\t\t\t<p><strong>Maio 2026<\/strong><\/p>\t\t\t\t\t\t\t\t<\/div>\n\t\t\t\t<\/div>\n\t\t\t\t<div class=\"elementor-element elementor-element-9f2bfeb elementor-widget elementor-widget-henrik_core_separator\" data-id=\"9f2bfeb\" data-element_type=\"widget\" data-e-type=\"widget\" data-widget_type=\"henrik_core_separator.default\">\n\t\t\t\t<div class=\"elementor-widget-container\">\n\t\t\t\t\t<div class=\"qodef-shortcode qodef-m  qodef-separator clear\">\n\t<div class=\"qodef-m-line\" ><\/div>\n<\/div>\n\t\t\t\t<\/div>\n\t\t\t\t<\/div>\n\t\t\t\t<div class=\"elementor-element elementor-element-b9c907b elementor-widget elementor-widget-image-gallery\" data-id=\"b9c907b\" data-element_type=\"widget\" data-e-type=\"widget\" data-widget_type=\"image-gallery.default\">\n\t\t\t\t<div class=\"elementor-widget-container\">\n\t\t\t\t\t\t\t<div class=\"elementor-image-gallery\">\n\t\t\t\n\t\t<style type=\"text\/css\">\n\t\t\t#gallery-1 {\n\t\t\t\tmargin: auto;\n\t\t\t}\n\t\t\t#gallery-1 .gallery-item {\n\t\t\t\tfloat: left;\n\t\t\t\tmargin-top: 10px;\n\t\t\t\ttext-align: center;\n\t\t\t\twidth: 25%;\n\t\t\t}\n\t\t\t#gallery-1 img {\n\t\t\t\tborder: 2px solid #cfcfcf;\n\t\t\t}\n\t\t\t#gallery-1 .gallery-caption {\n\t\t\t\tmargin-left: 0;\n\t\t\t}\n\t\t\t\/* see gallery_shortcode() in wp-includes\/media.php *\/\n\t\t<\/style>\n\t\t<div id='gallery-1' class='gallery galleryid-13371 gallery-columns-4 gallery-size-henrik_core_image_size_huge-square'><dl class='gallery-item'>\n\t\t\t<dt class='gallery-icon landscape'>\n\t\t\t\t<a data-elementor-open-lightbox=\"no\" href='https:\/\/guadalupestore.com\/wp-content\/uploads\/2026\/05\/air-jordan-4-retro-toro-bravo.png'><img fetchpriority=\"high\" decoding=\"async\" width=\"1300\" height=\"1300\" src=\"https:\/\/guadalupestore.com\/wp-content\/uploads\/2026\/05\/air-jordan-4-retro-toro-bravo.png\" class=\"attachment-henrik_core_image_size_huge-square size-henrik_core_image_size_huge-square\" alt=\"\" aria-describedby=\"gallery-1-13373\" srcset=\"https:\/\/guadalupestore.com\/wp-content\/uploads\/2026\/05\/air-jordan-4-retro-toro-bravo.png 1300w, https:\/\/guadalupestore.com\/wp-content\/uploads\/2026\/05\/air-jordan-4-retro-toro-bravo-300x300.png 300w, https:\/\/guadalupestore.com\/wp-content\/uploads\/2026\/05\/air-jordan-4-retro-toro-bravo-1024x1024.png 1024w, https:\/\/guadalupestore.com\/wp-content\/uploads\/2026\/05\/air-jordan-4-retro-toro-bravo-150x150.png 150w, https:\/\/guadalupestore.com\/wp-content\/uploads\/2026\/05\/air-jordan-4-retro-toro-bravo-768x768.png 768w, https:\/\/guadalupestore.com\/wp-content\/uploads\/2026\/05\/air-jordan-4-retro-toro-bravo-12x12.png 12w, https:\/\/guadalupestore.com\/wp-content\/uploads\/2026\/05\/air-jordan-4-retro-toro-bravo-650x650.png 650w\" sizes=\"(max-width: 1300px) 100vw, 1300px\" \/><\/a>\n\t\t\t<\/dt>\n\t\t\t\t<dd class='wp-caption-text gallery-caption' id='gallery-1-13373'>\n\t\t\t\t18\/5 &#8211; Air Jordan 4 Retro &#8220;Toro Bravo&#8221;\n\t\t\t\t<\/dd><\/dl><dl class='gallery-item'>\n\t\t\t<dt class='gallery-icon landscape'>\n\t\t\t\t<a data-elementor-open-lightbox=\"no\" href='https:\/\/guadalupestore.com\/wp-content\/uploads\/2026\/05\/nike-air-liquid-max-black.png'><img decoding=\"async\" width=\"1300\" height=\"1300\" src=\"https:\/\/guadalupestore.com\/wp-content\/uploads\/2026\/05\/nike-air-liquid-max-black.png\" class=\"attachment-henrik_core_image_size_huge-square size-henrik_core_image_size_huge-square\" alt=\"\" aria-describedby=\"gallery-1-13376\" srcset=\"https:\/\/guadalupestore.com\/wp-content\/uploads\/2026\/05\/nike-air-liquid-max-black.png 1300w, https:\/\/guadalupestore.com\/wp-content\/uploads\/2026\/05\/nike-air-liquid-max-black-300x300.png 300w, https:\/\/guadalupestore.com\/wp-content\/uploads\/2026\/05\/nike-air-liquid-max-black-1024x1024.png 1024w, https:\/\/guadalupestore.com\/wp-content\/uploads\/2026\/05\/nike-air-liquid-max-black-150x150.png 150w, https:\/\/guadalupestore.com\/wp-content\/uploads\/2026\/05\/nike-air-liquid-max-black-768x768.png 768w, https:\/\/guadalupestore.com\/wp-content\/uploads\/2026\/05\/nike-air-liquid-max-black-12x12.png 12w, https:\/\/guadalupestore.com\/wp-content\/uploads\/2026\/05\/nike-air-liquid-max-black-650x650.png 650w\" sizes=\"(max-width: 1300px) 100vw, 1300px\" \/><\/a>\n\t\t\t<\/dt>\n\t\t\t\t<dd class='wp-caption-text gallery-caption' id='gallery-1-13376'>\n\t\t\t\t18\/5 &#8211; Nike Air Liquid Max &#8220;Black&#8221;\n\t\t\t\t<\/dd><\/dl><dl class='gallery-item'>\n\t\t\t<dt class='gallery-icon landscape'>\n\t\t\t\t<a data-elementor-open-lightbox=\"no\" href='https:\/\/guadalupestore.com\/wp-content\/uploads\/2026\/05\/crocs-classic-clog-x-star-wars-grogu-e1778884358834.png'><img decoding=\"async\" width=\"1300\" height=\"1300\" src=\"https:\/\/guadalupestore.com\/wp-content\/uploads\/2026\/05\/crocs-classic-clog-x-star-wars-grogu-e1778884358834.png\" class=\"attachment-henrik_core_image_size_huge-square size-henrik_core_image_size_huge-square\" alt=\"\" aria-describedby=\"gallery-1-13399\" srcset=\"https:\/\/guadalupestore.com\/wp-content\/uploads\/2026\/05\/crocs-classic-clog-x-star-wars-grogu-e1778884358834.png 1300w, https:\/\/guadalupestore.com\/wp-content\/uploads\/2026\/05\/crocs-classic-clog-x-star-wars-grogu-e1778884358834-300x300.png 300w, https:\/\/guadalupestore.com\/wp-content\/uploads\/2026\/05\/crocs-classic-clog-x-star-wars-grogu-e1778884358834-1024x1024.png 1024w, https:\/\/guadalupestore.com\/wp-content\/uploads\/2026\/05\/crocs-classic-clog-x-star-wars-grogu-e1778884358834-150x150.png 150w, https:\/\/guadalupestore.com\/wp-content\/uploads\/2026\/05\/crocs-classic-clog-x-star-wars-grogu-e1778884358834-768x768.png 768w, https:\/\/guadalupestore.com\/wp-content\/uploads\/2026\/05\/crocs-classic-clog-x-star-wars-grogu-e1778884358834-12x12.png 12w, https:\/\/guadalupestore.com\/wp-content\/uploads\/2026\/05\/crocs-classic-clog-x-star-wars-grogu-e1778884358834-650x650.png 650w\" sizes=\"(max-width: 1300px) 100vw, 1300px\" \/><\/a>\n\t\t\t<\/dt>\n\t\t\t\t<dd class='wp-caption-text gallery-caption' id='gallery-1-13399'>\n\t\t\t\t18\/5 &#8211; Crocs Classic Clog x Star Wars &#8220;Grogu&#8221;\n\t\t\t\t<\/dd><\/dl><dl class='gallery-item'>\n\t\t\t<dt class='gallery-icon landscape'>\n\t\t\t\t<a data-elementor-open-lightbox=\"no\" href='https:\/\/guadalupestore.com\/wp-content\/uploads\/2026\/05\/crocs-classic-clog-x-star-wars-hyperspace-e1778884368902.png'><img loading=\"lazy\" decoding=\"async\" width=\"1300\" height=\"1300\" src=\"https:\/\/guadalupestore.com\/wp-content\/uploads\/2026\/05\/crocs-classic-clog-x-star-wars-hyperspace-e1778884368902.png\" class=\"attachment-henrik_core_image_size_huge-square size-henrik_core_image_size_huge-square\" alt=\"\" aria-describedby=\"gallery-1-13400\" srcset=\"https:\/\/guadalupestore.com\/wp-content\/uploads\/2026\/05\/crocs-classic-clog-x-star-wars-hyperspace-e1778884368902.png 1300w, https:\/\/guadalupestore.com\/wp-content\/uploads\/2026\/05\/crocs-classic-clog-x-star-wars-hyperspace-e1778884368902-300x300.png 300w, https:\/\/guadalupestore.com\/wp-content\/uploads\/2026\/05\/crocs-classic-clog-x-star-wars-hyperspace-e1778884368902-1024x1024.png 1024w, https:\/\/guadalupestore.com\/wp-content\/uploads\/2026\/05\/crocs-classic-clog-x-star-wars-hyperspace-e1778884368902-150x150.png 150w, https:\/\/guadalupestore.com\/wp-content\/uploads\/2026\/05\/crocs-classic-clog-x-star-wars-hyperspace-e1778884368902-768x768.png 768w, https:\/\/guadalupestore.com\/wp-content\/uploads\/2026\/05\/crocs-classic-clog-x-star-wars-hyperspace-e1778884368902-12x12.png 12w, https:\/\/guadalupestore.com\/wp-content\/uploads\/2026\/05\/crocs-classic-clog-x-star-wars-hyperspace-e1778884368902-650x650.png 650w\" sizes=\"(max-width: 1300px) 100vw, 1300px\" \/><\/a>\n\t\t\t<\/dt>\n\t\t\t\t<dd class='wp-caption-text gallery-caption' id='gallery-1-13400'>\n\t\t\t\t18\/5 &#8211; Crocs Classic Clog x Star Wars &#8220;Hyperspace&#8221;\n\t\t\t\t<\/dd><\/dl><br style=\"clear: both\" \/><dl class='gallery-item'>\n\t\t\t<dt class='gallery-icon landscape'>\n\t\t\t\t<a data-elementor-open-lightbox=\"no\" href='https:\/\/guadalupestore.com\/wp-content\/uploads\/2026\/05\/Kobe-XI-Elite-Protro-Black-Metallic-Gold.png'><img loading=\"lazy\" decoding=\"async\" width=\"1300\" height=\"1300\" src=\"https:\/\/guadalupestore.com\/wp-content\/uploads\/2026\/05\/Kobe-XI-Elite-Protro-Black-Metallic-Gold.png\" class=\"attachment-henrik_core_image_size_huge-square size-henrik_core_image_size_huge-square\" alt=\"\" aria-describedby=\"gallery-1-13377\" srcset=\"https:\/\/guadalupestore.com\/wp-content\/uploads\/2026\/05\/Kobe-XI-Elite-Protro-Black-Metallic-Gold.png 1300w, https:\/\/guadalupestore.com\/wp-content\/uploads\/2026\/05\/Kobe-XI-Elite-Protro-Black-Metallic-Gold-300x300.png 300w, https:\/\/guadalupestore.com\/wp-content\/uploads\/2026\/05\/Kobe-XI-Elite-Protro-Black-Metallic-Gold-1024x1024.png 1024w, https:\/\/guadalupestore.com\/wp-content\/uploads\/2026\/05\/Kobe-XI-Elite-Protro-Black-Metallic-Gold-150x150.png 150w, https:\/\/guadalupestore.com\/wp-content\/uploads\/2026\/05\/Kobe-XI-Elite-Protro-Black-Metallic-Gold-768x768.png 768w, https:\/\/guadalupestore.com\/wp-content\/uploads\/2026\/05\/Kobe-XI-Elite-Protro-Black-Metallic-Gold-12x12.png 12w, https:\/\/guadalupestore.com\/wp-content\/uploads\/2026\/05\/Kobe-XI-Elite-Protro-Black-Metallic-Gold-650x650.png 650w\" sizes=\"(max-width: 1300px) 100vw, 1300px\" \/><\/a>\n\t\t\t<\/dt>\n\t\t\t\t<dd class='wp-caption-text gallery-caption' id='gallery-1-13377'>\n\t\t\t\t21\/5 &#8211; Kobe XI Elite Protro &#8220;Black Metallic Gold&#8221;\n\t\t\t\t<\/dd><\/dl><dl class='gallery-item'>\n\t\t\t<dt class='gallery-icon landscape'>\n\t\t\t\t<a data-elementor-open-lightbox=\"no\" href='https:\/\/guadalupestore.com\/wp-content\/uploads\/2026\/05\/air-jordan-1-high-flight-club.png'><img loading=\"lazy\" decoding=\"async\" width=\"1300\" height=\"1300\" src=\"https:\/\/guadalupestore.com\/wp-content\/uploads\/2026\/05\/air-jordan-1-high-flight-club.png\" class=\"attachment-henrik_core_image_size_huge-square size-henrik_core_image_size_huge-square\" alt=\"\" aria-describedby=\"gallery-1-13378\" srcset=\"https:\/\/guadalupestore.com\/wp-content\/uploads\/2026\/05\/air-jordan-1-high-flight-club.png 1300w, https:\/\/guadalupestore.com\/wp-content\/uploads\/2026\/05\/air-jordan-1-high-flight-club-300x300.png 300w, https:\/\/guadalupestore.com\/wp-content\/uploads\/2026\/05\/air-jordan-1-high-flight-club-1024x1024.png 1024w, https:\/\/guadalupestore.com\/wp-content\/uploads\/2026\/05\/air-jordan-1-high-flight-club-150x150.png 150w, https:\/\/guadalupestore.com\/wp-content\/uploads\/2026\/05\/air-jordan-1-high-flight-club-768x768.png 768w, https:\/\/guadalupestore.com\/wp-content\/uploads\/2026\/05\/air-jordan-1-high-flight-club-12x12.png 12w, https:\/\/guadalupestore.com\/wp-content\/uploads\/2026\/05\/air-jordan-1-high-flight-club-650x650.png 650w\" sizes=\"(max-width: 1300px) 100vw, 1300px\" \/><\/a>\n\t\t\t<\/dt>\n\t\t\t\t<dd class='wp-caption-text gallery-caption' id='gallery-1-13378'>\n\t\t\t\t22\/5 &#8211; Air Jordan 1 Retro High OG &#8220;Flight Club&#8221;\n\t\t\t\t<\/dd><\/dl><dl class='gallery-item'>\n\t\t\t<dt class='gallery-icon landscape'>\n\t\t\t\t<a data-elementor-open-lightbox=\"no\" href='https:\/\/guadalupestore.com\/wp-content\/uploads\/2026\/05\/air-jordan-3-retro-orange-peel.png'><img loading=\"lazy\" decoding=\"async\" width=\"1300\" height=\"1300\" src=\"https:\/\/guadalupestore.com\/wp-content\/uploads\/2026\/05\/air-jordan-3-retro-orange-peel.png\" class=\"attachment-henrik_core_image_size_huge-square size-henrik_core_image_size_huge-square\" alt=\"\" aria-describedby=\"gallery-1-13379\" srcset=\"https:\/\/guadalupestore.com\/wp-content\/uploads\/2026\/05\/air-jordan-3-retro-orange-peel.png 1300w, https:\/\/guadalupestore.com\/wp-content\/uploads\/2026\/05\/air-jordan-3-retro-orange-peel-300x300.png 300w, https:\/\/guadalupestore.com\/wp-content\/uploads\/2026\/05\/air-jordan-3-retro-orange-peel-1024x1024.png 1024w, https:\/\/guadalupestore.com\/wp-content\/uploads\/2026\/05\/air-jordan-3-retro-orange-peel-150x150.png 150w, https:\/\/guadalupestore.com\/wp-content\/uploads\/2026\/05\/air-jordan-3-retro-orange-peel-768x768.png 768w, https:\/\/guadalupestore.com\/wp-content\/uploads\/2026\/05\/air-jordan-3-retro-orange-peel-12x12.png 12w, https:\/\/guadalupestore.com\/wp-content\/uploads\/2026\/05\/air-jordan-3-retro-orange-peel-650x650.png 650w\" sizes=\"(max-width: 1300px) 100vw, 1300px\" \/><\/a>\n\t\t\t<\/dt>\n\t\t\t\t<dd class='wp-caption-text gallery-caption' id='gallery-1-13379'>\n\t\t\t\t22\/5 &#8211; Air Jordan 3 Retro Wn&#8217;s &#8220;White Orange Peel&#8221;\n\t\t\t\t<\/dd><\/dl><dl class='gallery-item'>\n\t\t\t<dt class='gallery-icon landscape'>\n\t\t\t\t<a data-elementor-open-lightbox=\"no\" href='https:\/\/guadalupestore.com\/wp-content\/uploads\/2026\/05\/converse-chuck-70-undefeated-dodgers.png'><img loading=\"lazy\" decoding=\"async\" width=\"1300\" height=\"1300\" src=\"https:\/\/guadalupestore.com\/wp-content\/uploads\/2026\/05\/converse-chuck-70-undefeated-dodgers.png\" class=\"attachment-henrik_core_image_size_huge-square size-henrik_core_image_size_huge-square\" alt=\"\" aria-describedby=\"gallery-1-13380\" srcset=\"https:\/\/guadalupestore.com\/wp-content\/uploads\/2026\/05\/converse-chuck-70-undefeated-dodgers.png 1300w, https:\/\/guadalupestore.com\/wp-content\/uploads\/2026\/05\/converse-chuck-70-undefeated-dodgers-300x300.png 300w, https:\/\/guadalupestore.com\/wp-content\/uploads\/2026\/05\/converse-chuck-70-undefeated-dodgers-1024x1024.png 1024w, https:\/\/guadalupestore.com\/wp-content\/uploads\/2026\/05\/converse-chuck-70-undefeated-dodgers-150x150.png 150w, https:\/\/guadalupestore.com\/wp-content\/uploads\/2026\/05\/converse-chuck-70-undefeated-dodgers-768x768.png 768w, https:\/\/guadalupestore.com\/wp-content\/uploads\/2026\/05\/converse-chuck-70-undefeated-dodgers-12x12.png 12w, https:\/\/guadalupestore.com\/wp-content\/uploads\/2026\/05\/converse-chuck-70-undefeated-dodgers-650x650.png 650w\" sizes=\"(max-width: 1300px) 100vw, 1300px\" \/><\/a>\n\t\t\t<\/dt>\n\t\t\t\t<dd class='wp-caption-text gallery-caption' id='gallery-1-13380'>\n\t\t\t\t22\/5 &#8211; Converse Chuck 70 x Undefeated x LA Dodgers\n\t\t\t\t<\/dd><\/dl><br style=\"clear: both\" \/>\n\t\t<\/div>\n\t\t<\/div>\n\t\t\t\t\t\t<\/div>\n\t\t\t\t<\/div>\n\t\t\t\t<div class=\"elementor-element elementor-element-d2e3dde elementor-widget elementor-widget-henrik_core_separator\" data-id=\"d2e3dde\" data-element_type=\"widget\" data-e-type=\"widget\" data-widget_type=\"henrik_core_separator.default\">\n\t\t\t\t<div class=\"elementor-widget-container\">\n\t\t\t\t\t<div class=\"qodef-shortcode qodef-m  qodef-separator clear\">\n\t<div class=\"qodef-m-line\" ><\/div>\n<\/div>\n\t\t\t\t<\/div>\n\t\t\t\t<\/div>\n\t\t\t\t\t<\/div>\n\t\t<\/div>\n\t\t\t\t\t<\/div>\n\t\t<\/section>\n\t\t\t\t<section class=\"elementor-section elementor-top-section elementor-element elementor-element-c9a2b33 elementor-section-boxed elementor-section-height-default elementor-section-height-default qodef-elementor-content-no\" data-id=\"c9a2b33\" data-element_type=\"section\" data-e-type=\"section\">\n\t\t\t\t\t\t<div class=\"elementor-container elementor-column-gap-default\">\n\t\t\t\t\t<div class=\"elementor-column elementor-col-100 elementor-top-column elementor-element elementor-element-91bedf2\" data-id=\"91bedf2\" data-element_type=\"column\" data-e-type=\"column\">\n\t\t\t<div class=\"elementor-widget-wrap elementor-element-populated\">\n\t\t\t\t\t\t<div class=\"elementor-element elementor-element-3fcfee5 elementor-widget elementor-widget-text-editor\" data-id=\"3fcfee5\" data-element_type=\"widget\" data-e-type=\"widget\" data-widget_type=\"text-editor.default\">\n\t\t\t\t<div class=\"elementor-widget-container\">\n\t\t\t\t\t\t\t\t\t<p><strong><em>*As datas e produtos aqui informados est\u00e3o sujeitos a altera\u00e7\u00f5es sem aviso pr\u00e9vio<\/em><\/strong><\/p>\t\t\t\t\t\t\t\t<\/div>\n\t\t\t\t<\/div>\n\t\t\t\t\t<\/div>\n\t\t<\/div>\n\t\t\t\t\t<\/div>\n\t\t<\/section>\n\t\t\t\t<\/div>","protected":false},"excerpt":{"rendered":"<p>Maio 2026 18\/5 &#8211; Air Jordan 4 Retro &#8220;Toro Bravo&#8221; 18\/5 &#8211; Nike Air Liquid Max &#8220;Black&#8221; 18\/5 &#8211; Crocs Classic Clog x Star Wars &#8220;Grogu&#8221; 18\/5 &#8211; Crocs Classic Clog x Star Wars &#8220;Hyperspace&#8221; 21\/5 &#8211; Kobe XI Elite Protro &#8220;Black Metallic Gold&#8221; 22\/5 &#8211; Air Jordan 1 Retro High OG &#8220;Flight Club&#8221; 22\/5 [&hellip;]<\/p>\n","protected":false},"author":3,"featured_media":0,"parent":0,"menu_order":0,"comment_status":"closed","ping_status":"closed","template":"","meta":{"footnotes":""},"class_list":["post-13371","page","type-page","status-publish","hentry"],"jetpack_sharing_enabled":true,"_links":{"self":[{"href":"https:\/\/guadalupestore.com\/en\/wp-json\/wp\/v2\/pages\/13371","targetHints":{"allow":["GET"]}}],"collection":[{"href":"https:\/\/guadalupestore.com\/en\/wp-json\/wp\/v2\/pages"}],"about":[{"href":"https:\/\/guadalupestore.com\/en\/wp-json\/wp\/v2\/types\/page"}],"author":[{"embeddable":true,"href":"https:\/\/guadalupestore.com\/en\/wp-json\/wp\/v2\/users\/3"}],"replies":[{"embeddable":true,"href":"https:\/\/guadalupestore.com\/en\/wp-json\/wp\/v2\/comments?post=13371"}],"version-history":[{"count":25,"href":"https:\/\/guadalupestore.com\/en\/wp-json\/wp\/v2\/pages\/13371\/revisions"}],"predecessor-version":[{"id":13409,"href":"https:\/\/guadalupestore.com\/en\/wp-json\/wp\/v2\/pages\/13371\/revisions\/13409"}],"wp:attachment":[{"href":"https:\/\/guadalupestore.com\/en\/wp-json\/wp\/v2\/media?parent=13371"}],"curies":[{"name":"wp","href":"https:\/\/api.w.org\/{rel}","templated":true}]}}