{"id":12981,"date":"2026-04-06T12:24:15","date_gmt":"2026-04-06T15:24:15","guid":{"rendered":"https:\/\/guadalupestore.com\/?page_id=12981"},"modified":"2026-04-06T12:29:58","modified_gmt":"2026-04-06T15:29:58","slug":"manifesto-guadalupe-15-anos","status":"publish","type":"page","link":"https:\/\/guadalupestore.com\/en\/manifesto-guadalupe-15-anos\/","title":{"rendered":"Manifesto Guadalupe &#8211; 15 anos"},"content":{"rendered":"<div class=\"wp-block-image\">\n<figure class=\"aligncenter size-full is-resized\"><img fetchpriority=\"high\" decoding=\"async\" width=\"2560\" height=\"1440\" src=\"https:\/\/guadalupestore.com\/wp-content\/uploads\/2026\/04\/guadalupe-manifesto-15-anos.png\" alt=\"\" class=\"wp-image-12982\" style=\"width:1100px;height:auto\" srcset=\"https:\/\/guadalupestore.com\/wp-content\/uploads\/2026\/04\/guadalupe-manifesto-15-anos.png 2560w, https:\/\/guadalupestore.com\/wp-content\/uploads\/2026\/04\/guadalupe-manifesto-15-anos-300x169.png 300w, https:\/\/guadalupestore.com\/wp-content\/uploads\/2026\/04\/guadalupe-manifesto-15-anos-1024x576.png 1024w, https:\/\/guadalupestore.com\/wp-content\/uploads\/2026\/04\/guadalupe-manifesto-15-anos-768x432.png 768w, https:\/\/guadalupestore.com\/wp-content\/uploads\/2026\/04\/guadalupe-manifesto-15-anos-1536x864.png 1536w, https:\/\/guadalupestore.com\/wp-content\/uploads\/2026\/04\/guadalupe-manifesto-15-anos-2048x1152.png 2048w, https:\/\/guadalupestore.com\/wp-content\/uploads\/2026\/04\/guadalupe-manifesto-15-anos-18x10.png 18w\" sizes=\"(max-width: 2560px) 100vw, 2560px\" \/><\/figure>\n<\/div>\n\n\n<hr class=\"wp-block-separator has-alpha-channel-opacity\"\/>\n\n\n\n<p>A Guadalupe completa 15 anos como refer\u00eancia incontorn\u00e1vel da cultura sneaker no Brasil. H\u00e1 marcas que crescem acompanhando tend\u00eancias. Outras constroem um caminho pr\u00f3prio \u2014 e lidam com as consequ\u00eancias disso.<\/p>\n\n\n\n<p>Fundada em 2011, a Guadalupe completa 15 anos de exist\u00eancia como uma das lojas mais aut\u00eanticas do universo sneaker no Brasil. Sem seguir f\u00f3rmulas prontas ou movimentos passageiros, a loja consolidou ao longo dos anos uma curadoria reconhec\u00edvel, consistente e profundamente conectada \u00e0 cultura de rua.<\/p>\n\n\n\n<p>A autenticidade da Guadalupe nunca foi um posicionamento declarado. Sempre foi pr\u00e1tica. Uma forma de operar, escolher, arriscar e, principalmente, permanecer. Com o tempo, esse jeito pr\u00f3prio deixou de ser apenas uma identidade e passou a funcionar como refer\u00eancia para o mercado \u2014 frequentemente replicada, reinterpretada e copiada. Ser copiada, nesse contexto, n\u00e3o \u00e9 um conflito. \u00c9 um efeito colateral natural de quem constr\u00f3i algo verdadeiro.<\/p>\n\n\n\n<p>Ao inv\u00e9s de celebrar o passado com nostalgia ou recorrer a discursos comemorativos, a Guadalupe marca seus 15 anos refor\u00e7ando aquilo que sempre a definiu: continuidade. A loja n\u00e3o se apresenta como pioneira, nem reivindica protagonismo. Apenas reconhece o que o tempo deixou claro. Quando muitos come\u00e7aram a parecer iguais, a Guadalupe j\u00e1 estava ali. Quando copiaram, ela j\u00e1 tinha seguido em frente.<\/p>\n\n\n\n<p>Mais do que uma loja, a Guadalupe se consolidou como um territ\u00f3rio cultural \u2014 um ponto de converg\u00eancia entre moda, m\u00fasica, arte e comportamento urbano. Um espa\u00e7o que nunca precisou se explicar para ser reconhecido.<\/p>\n\n\n\n<p>Aos 15 anos, a Guadalupe n\u00e3o comemora.<\/p>\n\n\n\n<p>Ela continua.<\/p>\n\n\n\n<p>Guadalupe<\/p>\n\n\n\n<p>Em circula\u00e7\u00e3o desde 2011<\/p>\n\n\n\n<hr class=\"wp-block-separator has-alpha-channel-opacity\"\/>","protected":false},"excerpt":{"rendered":"<p>A Guadalupe completa 15 anos como refer\u00eancia incontorn\u00e1vel da cultura sneaker no Brasil. H\u00e1 marcas que crescem acompanhando tend\u00eancias. Outras constroem um caminho pr\u00f3prio \u2014 e lidam com as consequ\u00eancias disso. Fundada em 2011, a Guadalupe completa 15 anos de exist\u00eancia como uma das lojas mais aut\u00eanticas do universo sneaker no Brasil. Sem seguir f\u00f3rmulas [&hellip;]<\/p>\n","protected":false},"author":3,"featured_media":12982,"parent":0,"menu_order":0,"comment_status":"closed","ping_status":"closed","template":"","meta":{"footnotes":""},"class_list":["post-12981","page","type-page","status-publish","has-post-thumbnail","hentry"],"jetpack_sharing_enabled":true,"_links":{"self":[{"href":"https:\/\/guadalupestore.com\/en\/wp-json\/wp\/v2\/pages\/12981","targetHints":{"allow":["GET"]}}],"collection":[{"href":"https:\/\/guadalupestore.com\/en\/wp-json\/wp\/v2\/pages"}],"about":[{"href":"https:\/\/guadalupestore.com\/en\/wp-json\/wp\/v2\/types\/page"}],"author":[{"embeddable":true,"href":"https:\/\/guadalupestore.com\/en\/wp-json\/wp\/v2\/users\/3"}],"replies":[{"embeddable":true,"href":"https:\/\/guadalupestore.com\/en\/wp-json\/wp\/v2\/comments?post=12981"}],"version-history":[{"count":6,"href":"https:\/\/guadalupestore.com\/en\/wp-json\/wp\/v2\/pages\/12981\/revisions"}],"predecessor-version":[{"id":12991,"href":"https:\/\/guadalupestore.com\/en\/wp-json\/wp\/v2\/pages\/12981\/revisions\/12991"}],"wp:featuredmedia":[{"embeddable":true,"href":"https:\/\/guadalupestore.com\/en\/wp-json\/wp\/v2\/media\/12982"}],"wp:attachment":[{"href":"https:\/\/guadalupestore.com\/en\/wp-json\/wp\/v2\/media?parent=12981"}],"curies":[{"name":"wp","href":"https:\/\/api.w.org\/{rel}","templated":true}]}}